{"id":1981,"date":"2021-06-17T17:13:20","date_gmt":"2021-06-17T15:13:20","guid":{"rendered":"https:\/\/old.simzine.news\/?page_id=1981"},"modified":"2021-06-17T17:52:47","modified_gmt":"2021-06-17T15:52:47","slug":"informativa-sul-trattamento-dei-dati-personali-landing","status":"publish","type":"page","link":"https:\/\/old.simzine.news\/it\/informativa-sul-trattamento-dei-dati-personali-landing\/","title":{"rendered":"Informativa sul Trattamento dei Dati Personali"},"content":{"rendered":"\n<center><input style=\"width:30%; color:#fff; background-color:#0396bf; border=1px solid #0396bf;\" type=\"button\" id=\"close\" onclick=\"window.close();\" value=\"Chiudi\"><\/center>\n\n\n\n<h3 class=\"wp-block-heading\">Regolamento UE 679\/2016 (General Data Protection Regulation)<\/h3>\n\n\n\n<p>L\u2019informativa \u00e8 resa da Simedita Srls, con sede a Firenze, in Via Panciatichi 40\/11, 50127 (di seguito<br>&#8220;Simedita&#8221;) ai sensi dell\u2019art. 13 Paragrafo 1 e dell\u2019Art. 14, Paragrafo 1 del Regolamento UE n. 679\/2016<br>(General Data Protection Regulation, di seguito &#8220;Regolamento&#8221;) per la registrazione al sito simzine.it e per le attivit\u00e0 di trattamento previste per l\u2019offerta dei vari servizi erogati on line.<br>Simedita garantisce il rispetto della normativa in materia di protezione dei dati personali ed informa che i dati personali conferiti dagli interessati per la registrazione e per le attivit\u00e0 previste saranno trattati in modo lecito e secondo correttezza, nel rispetto dei principi sanciti dal Regolamento. Il Titolare del trattamento \u00e8 Simedita Srls, sede legale in Firenze, Via Panciatichi 40\/11, 50127, p. IVA 07093180482, e-mail: privacy@simzine.it All\u2019interno di Simedita i dati saranno trattati dal Responsabile del trattamento incaricato.<\/p>\n\n\n\n<h3 class=\"wp-block-heading\">Tipologia dei dati trattati<\/h3>\n\n\n\n<p><strong>I dati trattati sono esclusivamente<\/strong> i dati anagrafici e i recapiti telefonici e telematici indispensabili per soddisfare le richieste degli utenti\/visitatori. La raccolta ed il conseguente trattamento dei dati vengono effettuati dal Titolare presso le sedi della societ\u00e0 sopra elencate e da aziende incaricate nel rispetto delle misure di sicurezza e prescrizioni del Regolamento.<\/p>\n\n\n\n<h3 class=\"wp-block-heading\">Dati di navigazione<\/h3>\n\n\n\n<p>I sistemi informatici e le procedure per il funzionamento del sito&nbsp;simzine.it&nbsp;acquisiscono automaticamente alcuni dati personali che vengono poi trasmessi implicitamente nell\u2019uso dei protocolli di comunicazione Internet. Si tratta di informazioni che per loro natura potrebbero permettere di identificare gli utenti\/visitatori (ad es. indirizzo IP, nomi di domini dei computer utilizzati dagli utenti\/visitatori che si collegano al sito, ecc.).<br>Questi dati vengono utilizzati al solo fine di ricavare informazioni di tipo statistico e per controllare il corretto funzionamento dei siti. In questi casi i dati vengono cancellati subito dopo l&#8217;elaborazione. Possono essere usati per accertare delle responsabilit\u00e0 in caso di danneggiamento dei siti o di illeciti perpetrati tramite la rete.<\/p>\n\n\n\n<h3 class=\"wp-block-heading\">Utilizzo cookie<\/h3>\n\n\n\n<p>I cookie sono file di testo che i siti internet inviano ai dispositivi di accesso a internet degli utenti\/visitatori (solitamente ai browser) dove sono memorizzati per essere ritrasmessi agli stessi siti alla successiva visita dei medesimi utenti. Vi possono essere:<\/p>\n\n\n\n<ol><li>cookie tecnici: cookie di sessione (garantiscono la navigazione e la fruibilit\u00e0 dei siti), cookie di funzionalit\u00e0 (permettono agli utenti di selezionare determinati parametri nella navigazione ad es. scelta di un prodotto da acquistare o lingua utilizzata) e cookie analytics utilizzati dai gestori dei siti per raccogliere informazioni in forma aggregata sul numero degli utenti e su come visitano i siti;<\/li><li>cookie di profilazione utilizzati per inviare messaggi promozionali in relazione alle preferenze manifestate dagli utenti nella navigazione o alle specifiche sezioni visitate;<\/li><li>cookie di terze parti: cookie non installati dai siti che gli utenti visitano ma da siti terzi che installano cookie mediante i primi siti.<\/li><\/ol>\n\n\n\n<p>Per saperne di pi\u00f9 visita la nostra <a href=\"https:\/\/old.simzine.news\/cookie-policy\/\">informativa cookies<\/a><\/p>\n\n\n\n<p>Simedita informa i navigatori che il presente sito utilizza cookie tecnici di sessione che hanno lo scopo di garantire la navigazione del sito e memorizzano i dati inseriti nei form pubblicati. I cookie di sessione non vengono memorizzati in modo persistente sui dispositivi dei navigatori e svaniscono con la chiusura dei browser. I visitatori possono sempre scegliere quali cookie autorizzare mediante le specifiche configurazioni dei propri browser trovando le opzioni generalmente nelle tabelle Opzioni\/Privacy. Nel caso i navigatori disattivino i cookie tecnici rischiano di non potere utilizzare alcune parti del sito.<br>Mediante il presente sito vengono installati sui dispositivi dei navigatori cookie di Google Analytics che forniscono a Simedita dei rapporti in forma aggregata che riguardano la frequenza con cui gli utenti visitano le pagine del sito e per quanto tempo vi permangono. Simedita non \u00e8 responsabile del predetto trattamento di dati svolto da Google che comunque rispetta le disposizioni relative alla protezione dei dati di \u2018Safe Harbor Principles\u2019 e partecipa al programma \u2018Safe Harbor\u2019 del Ministero Americano del Commercio. Allo stesso modo vengono installati cookie nativi del framework CSM WordPress.<br>Per maggiori informazioni fare riferimento a questo link <a rel=\"noreferrer noopener\" href=\"https:\/\/it.wordpress.org\/about\/privacy\/cookies\/\" target=\"_blank\">https:\/\/it.wordpress.org\/about\/privacy\/cookies\/<\/a><br>per avere una panoramica dei possibili cookie utilizzati ed implementati.<\/p>\n\n\n\n<p>I navigatori:<\/p>\n\n\n\n<ol><li>possono consultare l\u2019informativa privacy della societ\u00e0 Google Inc., relativa al servizio Google Analytics, al link&nbsp;www.google.com\/analytics\/learn\/privacy.html<\/li><li>per rifiutare l\u2019utilizzo dei cookie di Google Analytics, come indicato sul sito di Google al link support.google.com\/analytics\/answer\/181881?hl=it, devono modificare la configurazione dei browser scaricando il componente aggiuntivo per la disattivazione del JavaScript di Google Analytics (ga.js,analytics.js, dc.js) al link tools.google.com\/dlpage\/gaoptout?hl=it<\/li><\/ol>\n\n\n\n<p>La disabilitazione dei cookie di Google Analytics non impedisce di usufruire del presente sito, tuttavia, inibisce la possibilit\u00e0 di effettuare le predette statistiche.<\/p>\n\n\n\n<h3 class=\"wp-block-heading\">Dati dell\u2019utente<\/h3>\n\n\n\n<p>L\u2019invio facoltativo, esplicito e volontario di posta elettronica agli indirizzi indicati su questo sito comporta la successiva acquisizione dell\u2019indirizzo del mittente, necessario per rispondere alle richieste, nonch\u00e9 degli eventuali altri dati personali inseriti nella missiva.<\/p>\n\n\n\n<h3 class=\"wp-block-heading\">Finalit\u00e0 del trattamento<\/h3>\n\n\n\n<p>I dati personali forniti saranno utilizzati, previo consenso, per:<\/p>\n\n\n\n<ol><li>Ricevere la newsletter, effettuare il test di valutazione;<\/li><li>Adempiere agli obblighi di legge relativi ad una transazione commerciale;<\/li><li>Inviare comunicazioni e informative su eventi, servizi o nuovi prodotti, condizioni commerciali agevolate, aggiornamenti su servizi o prodotti gi\u00e0 esistenti, inviare sondaggi rivolti a conoscere le aree di interesse, il grado di soddisfazione del cliente, promuovere campagne di direct marketing, erogare servizi di tutela del cliente, per ricerche di mercato ed altre operazioni direttamente o indirettamente riconducibili all\u2019attivit\u00e0 di marketing, elaborare statistiche.&nbsp;<\/li><\/ol>\n\n\n\n<p>I dati potranno essere comunicati a soggetti operanti nell\u2019ambito dell\u2019Unione Europea, o in paesi che<br>garantiscano lo stesso livello di protezione previsto dal Regolamento. Poich\u00e9 Simedita pu\u00f2 decidere di operare anche a livello sovranazionale, il trattamento dei dati operato nei vari paesi sar\u00e0 adeguato alle norme pi\u00f9 restrittive, al fine di assicurare comunque il massimo livello di tutela dei dati dell\u2019interessato.<br>Il trattamento sar\u00e0 effettuato anche oltre il termine del rapporto principale, nel rispetto delle disposizioni normative che regolano la conservazione di atti e documenti.<\/p>\n\n\n\n<p>Il conferimento dei dati \u00e8 in alcuni casi obbligatorio, in altri facoltativo, comunque la mancata autorizzazione comporta l\u2019impossibilit\u00e0 di offrire il servizio richiesto.<\/p>\n\n\n\n<h3 class=\"wp-block-heading\">Modalit\u00e0 del trattamento<\/h3>\n\n\n\n<p>ll trattamento viene effettuato attraverso strumenti automatizzati (ad es. utilizzando procedure e supporti elettronici) e\/o manualmente per il tempo strettamente necessario a conseguire gli scopi per i quali i dati sono stati raccolti e, comunque, in conformit\u00e0 alle disposizioni normative vigenti in materia.<\/p>\n\n\n\n<h3 class=\"wp-block-heading\">Diritti degli interessati e tempo di conservazione dei dati<\/h3>\n\n\n\n<p>Gli interessati hanno il diritto in qualunque momento di ottenere la conferma dell\u2019esistenza o meno dei dati personali oggetto del trattamento e di conoscerne il contenuto e l\u2019origine, verificarne l\u2019esattezza o chiederne l\u2019integrazione o l\u2019aggiornamento, oppure la rettifica (artt. 15 e 16 del Regolamento). L\u2019interessato ha il diritto di chiedere la cancellazione, la trasformazione in forma anonima o il blocco dei dati trattati in violazione di legge, nonch\u00e9 di opporsi in ogni caso, per motivi legittimi, al loro trattamento (art.17 e ss. del Regolamento).<br>\u00c8 possibile esercitare i diritti previsti dagli artt. 15 e ss del Regolamento rivolgendosi al responsabile del trattamento inviando una mail all\u2019indirizzo&nbsp;elettronico: privacy@simzine.it&nbsp;o scrivendo a: Simedita Srls, Firenze, Via Panciatichi 40\/11, 50127. Il termine massimo per la risposta all\u2019interessato \u00e8 in tutti i casi di un mese dalla richiesta.<\/p>\n\n\n\n<p>I dati sono conservati per un periodo non superiore a quello necessario per perseguire le finalit\u00e0 sopra menzionate, ovvero per adempiere agli obblighi o fornire i servizi richiesti.<br>Gli interessati avranno comunque sempre il diritto di proporre reclamo all\u2019autorit\u00e0 di controllo.<\/p>\n\n\n\n<h3 class=\"wp-block-heading\">Modifiche alla privacy policy<\/h3>\n\n\n\n<p>La presente privacy policy pu\u00f2 subire modifiche nel tempo anche connesse all\u2019eventuale entrata in vigore di nuove normative di settore, all\u2019aggiornamento o erogazione di nuovi servizi ovvero ad intervenute innovazioni tecnologiche per cui l\u2019utente\/visitatore \u00e8 invitato a consultare periodicamente questa pagina.<\/p>\n\n\n\n<style>.magheader {display:none; visibility:hidden;}<\/style>\n\n\n\n<center><input style=\"width:30%; color:#fff; background-color:#0396bf; border=1px solid #0396bf;\" type=\"button\" id=\"close\" onclick=\"window.close();\" value=\"Chiudi\"><\/center>\n\n\n\n<p><\/p>\n","protected":false},"excerpt":{"rendered":"<p>Regolamento UE 679\/2016 (General Data Protection Regulation) L\u2019informativa \u00e8 resa da Simedita Srls, con sede a Firenze, in Via Panciatichi 40\/11, 50127 (di seguito&#8220;Simedita&#8221;) ai sensi dell\u2019art. 13 Paragrafo 1 e dell\u2019Art. 14, Paragrafo 1 del Regolamento UE n. 679\/2016(General Data Protection Regulation, di seguito &#8220;Regolamento&#8221;) per la registrazione al sito simzine.it e per le [&hellip;]<\/p>\n","protected":false},"author":1,"featured_media":0,"parent":0,"menu_order":0,"comment_status":"closed","ping_status":"closed","template":"","meta":{"_et_pb_use_builder":"","_et_pb_old_content":"","_et_gb_content_width":"","footnotes":""},"acf":[],"yoast_head":"<!-- This site is optimized with the Yoast SEO plugin v21.8 - https:\/\/yoast.com\/wordpress\/plugins\/seo\/ -->\n<title>Informativa sul Trattamento dei Dati Personali - SIMZINE<\/title>\n<meta name=\"robots\" content=\"index, follow, max-snippet:-1, max-image-preview:large, max-video-preview:-1\" \/>\n<link rel=\"canonical\" href=\"https:\/\/old.simzine.news\/it\/informativa-sul-trattamento-dei-dati-personali-landing\/\" \/>\n<meta property=\"og:locale\" content=\"it_IT\" \/>\n<meta property=\"og:type\" content=\"article\" \/>\n<meta property=\"og:title\" content=\"Informativa sul Trattamento dei Dati Personali - SIMZINE\" \/>\n<meta property=\"og:description\" content=\"Regolamento UE 679\/2016 (General Data Protection Regulation) L\u2019informativa \u00e8 resa da Simedita Srls, con sede a Firenze, in Via Panciatichi 40\/11, 50127 (di seguito&#8220;Simedita&#8221;) ai sensi dell\u2019art. 13 Paragrafo 1 e dell\u2019Art. 14, Paragrafo 1 del Regolamento UE n. 679\/2016(General Data Protection Regulation, di seguito &#8220;Regolamento&#8221;) per la registrazione al sito simzine.it e per le [&hellip;]\" \/>\n<meta property=\"og:url\" content=\"https:\/\/old.simzine.news\/it\/informativa-sul-trattamento-dei-dati-personali-landing\/\" \/>\n<meta property=\"og:site_name\" content=\"SIMZINE\" \/>\n<meta property=\"article:publisher\" content=\"https:\/\/www.facebook.com\/simzine21\" \/>\n<meta property=\"article:modified_time\" content=\"2021-06-17T15:52:47+00:00\" \/>\n<meta name=\"twitter:card\" content=\"summary_large_image\" \/>\n<meta name=\"twitter:site\" content=\"@simzine21\" \/>\n<meta name=\"twitter:label1\" content=\"Tempo di lettura stimato\" \/>\n\t<meta name=\"twitter:data1\" content=\"7 minuti\" \/>\n<script type=\"application\/ld+json\" class=\"yoast-schema-graph\">{\"@context\":\"https:\/\/schema.org\",\"@graph\":[{\"@type\":\"WebPage\",\"@id\":\"https:\/\/old.simzine.news\/it\/informativa-sul-trattamento-dei-dati-personali-landing\/\",\"url\":\"https:\/\/old.simzine.news\/it\/informativa-sul-trattamento-dei-dati-personali-landing\/\",\"name\":\"Informativa sul Trattamento dei Dati Personali - SIMZINE\",\"isPartOf\":{\"@id\":\"https:\/\/old.simzine.news\/#website\"},\"datePublished\":\"2021-06-17T15:13:20+00:00\",\"dateModified\":\"2021-06-17T15:52:47+00:00\",\"breadcrumb\":{\"@id\":\"https:\/\/old.simzine.news\/it\/informativa-sul-trattamento-dei-dati-personali-landing\/#breadcrumb\"},\"inLanguage\":\"it-IT\",\"potentialAction\":[{\"@type\":\"ReadAction\",\"target\":[\"https:\/\/old.simzine.news\/it\/informativa-sul-trattamento-dei-dati-personali-landing\/\"]}]},{\"@type\":\"BreadcrumbList\",\"@id\":\"https:\/\/old.simzine.news\/it\/informativa-sul-trattamento-dei-dati-personali-landing\/#breadcrumb\",\"itemListElement\":[{\"@type\":\"ListItem\",\"position\":1,\"name\":\"Home\",\"item\":\"https:\/\/old.simzine.news\/it\/\"},{\"@type\":\"ListItem\",\"position\":2,\"name\":\"Informativa sul Trattamento dei Dati Personali\"}]},{\"@type\":\"WebSite\",\"@id\":\"https:\/\/old.simzine.news\/#website\",\"url\":\"https:\/\/old.simzine.news\/\",\"name\":\"SIMZINE\",\"description\":\"SIMulation magaZINE\",\"potentialAction\":[{\"@type\":\"SearchAction\",\"target\":{\"@type\":\"EntryPoint\",\"urlTemplate\":\"https:\/\/old.simzine.news\/?s={search_term_string}\"},\"query-input\":\"required name=search_term_string\"}],\"inLanguage\":\"it-IT\"}]}<\/script>\n<!-- \/ Yoast SEO plugin. -->","yoast_head_json":{"title":"Informativa sul Trattamento dei Dati Personali - SIMZINE","robots":{"index":"index","follow":"follow","max-snippet":"max-snippet:-1","max-image-preview":"max-image-preview:large","max-video-preview":"max-video-preview:-1"},"canonical":"https:\/\/old.simzine.news\/it\/informativa-sul-trattamento-dei-dati-personali-landing\/","og_locale":"it_IT","og_type":"article","og_title":"Informativa sul Trattamento dei Dati Personali - SIMZINE","og_description":"Regolamento UE 679\/2016 (General Data Protection Regulation) L\u2019informativa \u00e8 resa da Simedita Srls, con sede a Firenze, in Via Panciatichi 40\/11, 50127 (di seguito&#8220;Simedita&#8221;) ai sensi dell\u2019art. 13 Paragrafo 1 e dell\u2019Art. 14, Paragrafo 1 del Regolamento UE n. 679\/2016(General Data Protection Regulation, di seguito &#8220;Regolamento&#8221;) per la registrazione al sito simzine.it e per le [&hellip;]","og_url":"https:\/\/old.simzine.news\/it\/informativa-sul-trattamento-dei-dati-personali-landing\/","og_site_name":"SIMZINE","article_publisher":"https:\/\/www.facebook.com\/simzine21","article_modified_time":"2021-06-17T15:52:47+00:00","twitter_card":"summary_large_image","twitter_site":"@simzine21","twitter_misc":{"Tempo di lettura stimato":"7 minuti"},"schema":{"@context":"https:\/\/schema.org","@graph":[{"@type":"WebPage","@id":"https:\/\/old.simzine.news\/it\/informativa-sul-trattamento-dei-dati-personali-landing\/","url":"https:\/\/old.simzine.news\/it\/informativa-sul-trattamento-dei-dati-personali-landing\/","name":"Informativa sul Trattamento dei Dati Personali - SIMZINE","isPartOf":{"@id":"https:\/\/old.simzine.news\/#website"},"datePublished":"2021-06-17T15:13:20+00:00","dateModified":"2021-06-17T15:52:47+00:00","breadcrumb":{"@id":"https:\/\/old.simzine.news\/it\/informativa-sul-trattamento-dei-dati-personali-landing\/#breadcrumb"},"inLanguage":"it-IT","potentialAction":[{"@type":"ReadAction","target":["https:\/\/old.simzine.news\/it\/informativa-sul-trattamento-dei-dati-personali-landing\/"]}]},{"@type":"BreadcrumbList","@id":"https:\/\/old.simzine.news\/it\/informativa-sul-trattamento-dei-dati-personali-landing\/#breadcrumb","itemListElement":[{"@type":"ListItem","position":1,"name":"Home","item":"https:\/\/old.simzine.news\/it\/"},{"@type":"ListItem","position":2,"name":"Informativa sul Trattamento dei Dati Personali"}]},{"@type":"WebSite","@id":"https:\/\/old.simzine.news\/#website","url":"https:\/\/old.simzine.news\/","name":"SIMZINE","description":"SIMulation magaZINE","potentialAction":[{"@type":"SearchAction","target":{"@type":"EntryPoint","urlTemplate":"https:\/\/old.simzine.news\/?s={search_term_string}"},"query-input":"required name=search_term_string"}],"inLanguage":"it-IT"}]}},"_links":{"self":[{"href":"https:\/\/old.simzine.news\/it\/wp-json\/wp\/v2\/pages\/1981"}],"collection":[{"href":"https:\/\/old.simzine.news\/it\/wp-json\/wp\/v2\/pages"}],"about":[{"href":"https:\/\/old.simzine.news\/it\/wp-json\/wp\/v2\/types\/page"}],"author":[{"embeddable":true,"href":"https:\/\/old.simzine.news\/it\/wp-json\/wp\/v2\/users\/1"}],"replies":[{"embeddable":true,"href":"https:\/\/old.simzine.news\/it\/wp-json\/wp\/v2\/comments?post=1981"}],"version-history":[{"count":6,"href":"https:\/\/old.simzine.news\/it\/wp-json\/wp\/v2\/pages\/1981\/revisions"}],"predecessor-version":[{"id":28064,"href":"https:\/\/old.simzine.news\/it\/wp-json\/wp\/v2\/pages\/1981\/revisions\/28064"}],"wp:attachment":[{"href":"https:\/\/old.simzine.news\/it\/wp-json\/wp\/v2\/media?parent=1981"}],"curies":[{"name":"wp","href":"https:\/\/api.w.org\/{rel}","templated":true}]}}