{"id":1438,"date":"2021-06-07T16:08:16","date_gmt":"2021-06-07T14:08:16","guid":{"rendered":"https:\/\/old.simzine.news\/?page_id=1438"},"modified":"2021-06-17T12:57:43","modified_gmt":"2021-06-17T10:57:43","slug":"cookie-policy","status":"publish","type":"page","link":"https:\/\/old.simzine.news\/it\/cookie-policy\/","title":{"rendered":"Cookie Policy"},"content":{"rendered":"\n<h2 class=\"wp-block-heading\">Cosa sono i Cookies<\/h2>\n\n\n\n<p>I cookie sono piccoli file di testo contenenti una certa quantit\u00e0 di informazioni scambiate tra un sito internet ed il terminale dell\u2019utente (solitamente il browser).<br>Essi sono principalmente utilizzati con lo scopo di far funzionare i siti web e farli operare in modo pi\u00f9 efficiente, nonch\u00e9 al fine di fornire informazioni ai proprietari del sito stesso. I cookie possono essere sia di sessione che persistenti. I cookie di sessione rimangono memorizzati nel terminale per un breve periodo di tempo e sono eliminati non appena l\u2019utente chiude il browser.<br>Il loro utilizzo \u00e8 strettamente limitato alla trasmissione di identificativi di sessione (costituiti da numeri casuali generati dal server) necessari per consentire l\u2019esplorazione sicura ed efficiente del sito. I cookie persistenti invece rimangono archiviati nel terminale dell\u2019utente fino ad una scadenza prestabilita.<br>Questi, non essendo cancellati direttamente alla chiusura del browser, consentono di ricordare le scelte operate dall\u2019utente sul proprio sito nonch\u00e9 di raccogliere informazioni circa le pagine del sito visitate dall\u2019utente, la frequenza con la quale il sito viene visitato e per identificare il tracciato di navigazione degli utenti, al fine di migliorare l\u2019esperienza sul presente sito.<br>I cookies, di sessione o persistenti, possono essere infine di Prima parte o di Terza parte a seconda che il soggetto che installa i cookie sul terminale dell\u2019utente sia lo stesso gestore del sito che l\u2019utente sta visitando (si parler\u00e0 allora di cookie di Prima parte) oppure un soggetto diverso (si parler\u00e0 allora di cookie di Terza parte).<\/p>\n\n\n\n<p>Per maggiori informazioni sui cookie, consultare <a rel=\"noreferrer noopener\" href=\"http:\/\/www.allaboutcookies.org\" target=\"_blank\">http:\/\/www.allaboutcookies.org<\/a>.<\/p>\n\n\n\n<h3 class=\"wp-block-heading\">Gestione dei cookie<\/h3>\n\n\n\n<p>Normalmente i browser permettono il controllo della maggior parte dei cookie tramite le impostazioni del browser stesso. Si ricorda tuttavia che la disabilitazione totale o parziale dei cookie c.d. tecnici pu\u00f2 compromettere l\u2019utilizzo delle funzionalit\u00e0 del sito.<br>Ad ogni modo qualora l\u2019utente non desideri ricevere alcun tipo di cookie sul proprio elaboratore, pu\u00f2 elevare il livello di protezione privacy modificando le impostazioni di sicurezza del proprio browser:<\/p>\n\n\n\n<ul><li>Mozilla Firefox: <a href=\"https:\/\/support.mozilla.org\/it\/kb\/Gestione%20dei%20cookie\" target=\"_blank\" rel=\"noreferrer noopener\">https:\/\/support.mozilla.org\/it\/kb\/Gestione%20dei%20cookie<\/a><\/li><li>Google Chrome: <a href=\"https:\/\/support.google.com\/chrome\/answer\/95647?hl=it\" target=\"_blank\" rel=\"noreferrer noopener\">https:\/\/support.google.com\/chrome\/answer\/95647?hl=it<\/a><\/li><li>Internet Explorer: <a href=\"http:\/\/windows.microsoft.com\/it-it\/windows-vista\/block-or-allow-cookies\" target=\"_blank\" rel=\"noreferrer noopener\">http:\/\/windows.microsoft.com\/it-it\/windows-vista\/block-or-allow-cookies<\/a><\/li><li>Safari 6\/7 Mavericks: <a href=\"https:\/\/support.apple.com\/kb\/PH17191?viewlocale=it_IT&amp;locale=it_IT\" target=\"_blank\" rel=\"noreferrer noopener\">https:\/\/support.apple.com\/kb\/PH17191?viewlocale=it_IT&amp;locale=it_IT<\/a><\/li><li>Safari 8 Yosemite: <a href=\"https:\/\/support.apple.com\/kb\/PH19214?viewlocale=it_IT&amp;locale=it_IT\" target=\"_blank\" rel=\"noreferrer noopener\">https:\/\/support.apple.com\/kb\/PH19214?viewlocale=it_IT&amp;locale=it_IT<\/a><\/li><\/ul>\n\n\n\n<h3 class=\"wp-block-heading\">Cookie utilizzati dal sito<\/h3>\n\n\n\n<p>Il sito web <a href=\"https:\/\/old.simzine.news\/\">simzine.it<\/a> utilizza cookie per il corretto funzionamento e la visualizzazione dei siti web da parte degli utenti, nonch\u00e9 per la raccolta di statistiche. Il presente sito si avvale dell\u2019utilizzo di cookie sia di Prima parte che di Terza parte in quanto si avvale delle funzionalit\u00e0 dei servizi Google Analytics, offerti da Google Inc.<br>Google Analytics utilizza i cookie per raccogliere e analizzare le informazioni in merito alle modalit\u00e0 di utilizzo dei siti web visitati dall\u2019utente. Per avere maggiori informazioni sui cookie di Google Analytics e sul loro utilizzo da parte di Google Inc. \u00e8 possibile consultare:<\/p>\n\n\n\n<ul><li>l\u2019informativa sull\u2019utilizzo dei cookie da parte di Google disponibile all\u2019indirizzo: <a href=\"https:\/\/www.google.com\/intl\/it\/policies\/technologies\/cookies\/\" target=\"_blank\" rel=\"noreferrer noopener\">https:\/\/www.google.com\/intl\/it\/policies\/technologies\/cookies\/<\/a> e <a href=\"https:\/\/developers.google.com\/analytics\/devguides\/collection\/analyticsjs\/cookies-usage\" target=\"_blank\" rel=\"noreferrer noopener\">https:\/\/developers.google.com\/analytics\/devguides\/collection\/analyticsjs\/cookies-usage<\/a><\/li><li>l\u2019informativa per la privacy policy di Google Analytics all\u2019indirizzo: <a href=\"https:\/\/www.google.com\/intl\/en\/analytics\/privacyoverview.html\" target=\"_blank\" rel=\"noreferrer noopener\">https:\/\/www.google.com\/intl\/en\/analytics\/privacyoverview.html<\/a><\/li><\/ul>\n\n\n\n<p>Questo sito utilizza cookie di Google Analytics per raccogliere informazioni, in forma aggregata, sul numero degli utenti e su come questi visitano il sito stesso. Le rilevazioni sono effettuate mediante i cookie presenti nella tabella di seguito identificati da (gtag.gs) e (ga.js)<br>Oltre ai precitati cookie, si segnala la presenza di cookie di sessione (ad esempio il cookie wordpress_sec_{ID}, che riguarda e identifica la sessione di lavoro corrente), ovvero quei cookie che non vengono memorizzati in modo persistente sul computer dell\u2019utente e svaniscono con la chiusura del browser. Il loro utilizzo \u00e8 strettamente limitato alla trasmissione di identificativi di sessione (costituiti da numeri casuali generati dal server) necessari per consentire la fruizione di un determinato servizio e l\u2019esplorazione sicura ed efficiente del sito. I c.d. cookie di sessione utilizzati in questo sito evitano il ricorso ad altre tecniche informatiche potenzialmente pregiudizievoli per la riservatezza della navigazione degli utenti e non consentono l\u2019acquisizione di dati personali identificativi dell\u2019utente;<br>Il sito si avvale altres\u00ec delle funzionalit\u00e0 offerte dal servizio Google Analytics, che utilizza i \u201ccookie\u201d per raccogliere e analizzare in forma anonima le informazioni sui comportamenti di utilizzo dei siti web. Tali informazioni (compreso l\u2019indirizzo IP dell\u2019utente) vengono raccolte da Google Analytics, che le elabora allo scopo di redigere report per simzine.it riguardanti le attivit\u00e0 sul proprio sito web.<br>Google non associa l\u2019indirizzo IP a nessun altro dato in proprio possesso n\u00e9 cerca di collegare un indirizzo IP con l\u2019identit\u00e0 di un utente. Google pu\u00f2 anche comunicare queste informazioni a terzi ove ci\u00f2 sia imposto dalla legge o laddove tali terzi trattino le suddette informazioni per conto di Google.<\/p>\n\n\n\n<p>Puoi limitare, bloccare o eliminare i cookie da simzine.it o da qualsiasi altra pagina web, utilizzando il tuo browser. In ogni browser l&#8217;operazione \u00e8 diversa, la funzione &#8220;Aiuto&#8221; ti mostrer\u00e0 come farlo:<\/p>\n\n\n\n<ul><li>Internet Explorer: <a rel=\"noreferrer noopener\" href=\"https:\/\/support.microsoft.com\/it-it\/topic\/come-eliminare-i-file-cookie-in-internet-explorer-bca9446f-d873-78de-77ba-d42645fa52fc\" target=\"_blank\">https:\/\/support.microsoft.com\/it-it\/topic\/come-eliminare-i-file-cookie-in-internet-explorer-bca9446f-d873-78de-77ba-d42645fa52fc<\/a><\/li><li>FireFox: <a rel=\"noreferrer noopener\" href=\"https:\/\/support.mozilla.org\/it\/kb\/Eliminare%20i%20cookie\" target=\"_blank\">https:\/\/support.mozilla.org\/it\/kb\/Eliminare%20i%20cookie<\/a><\/li><li>Chrome: <a href=\"https:\/\/support.google.com\/chrome\/answer\/95647?co=GENIE.Platform%3DDesktop&amp;hl=it\" target=\"_blank\" rel=\"noreferrer noopener\">https:\/\/support.google.com\/chrome\/answer\/95647?co=GENIE.Platform%3DDesktop&amp;hl=it<\/a><\/li><li>Safari: <a href=\"https:\/\/support.apple.com\/it-it\/HT201265#:~:text=Per%20cancellare%20la%20cronologia%20e%20i,delle%20informazioni%20di%20riempimento%20automatico.\" target=\"_blank\" rel=\"noreferrer noopener\">https:\/\/support.apple.com\/it-it\/HT201265#:~:text=Per%20cancellare%20la%20cronologia%20e%20i,delle%20informazioni%20di%20riempimento%20automatico.<\/a><\/li><\/ul>\n\n\n\n<p>Inoltre, puoi anche gestire il negozio di cookie nel tuo browser attraverso strumenti come i seguenti:<\/p>\n\n\n\n<ul><li>Ghostery: <a rel=\"noreferrer noopener\" href=\"https:\/\/www.ghostery.com\/\" target=\"_blank\">https:\/\/www.ghostery.com\/<\/a><\/li><li>Your online choices: <a href=\"https:\/\/www.youronlinechoices.com\/es\/\" target=\"_blank\" rel=\"noreferrer noopener\">https:\/\/www.youronlinechoices.com\/es\/<\/a><\/li><\/ul>\n\n\n\n<p>Elenco dei cookie utilizzati dal sito simzine.it:<\/p>\n\n\n\n<figure class=\"wp-block-table\"><table><tbody><tr><td><strong><em>Cookie<\/em><\/strong><\/td><td><strong><em>Validit\u00e0<\/em><\/strong><\/td><td><strong><em>Propriet\u00e0<\/em><\/strong><\/td><td><strong><em>Funzionalit\u00e0<\/em><\/strong><\/td><\/tr><tr><td>CookieConsent<\/td><td>Persistente<\/td><td>Terze Parti<\/td><td>Tecnica<\/td><\/tr><tr><td>wordpress_sec_{ID}<\/td><td>Sessione<\/td><td>Proprietario<\/td><td>Tecnica<\/td><\/tr><tr><td>wordpress_logged_in_{ID}<\/td><td>Sessione <\/td><td>Proprietario<\/td><td>Tecnica<\/td><\/tr><tr><td>wp-settings-{ID}<\/td><td>Sessione<\/td><td>Proprietario<\/td><td>Tecnica<\/td><\/tr><tr><td>wp-settings-time-{ID}<\/td><td>Sessione<\/td><td>Proprietario<\/td><td>Tecnica<\/td><\/tr><tr><td>_ga (gtag.js)<\/td><td>2 anni <\/td><td>Terze Parti <\/td><td>Analisi\/Statistica<\/td><\/tr><tr><td>_gid (gtag.gs)<\/td><td>24 ore<\/td><td>Terze Parti<\/td><td>Analisi\/Statistica<\/td><\/tr><tr><td>_ga&lt;container-id> (gtag.js)<\/td><td>2 anni <\/td><td>Terze Parti <\/td><td>Analisi\/Statistica<\/td><\/tr><tr><td>_gac_gb&lt;container-id> (gtag.js)<\/td><td>90 giorni <\/td><td>Terze Parti <\/td><td>Analisi\/Statistica<\/td><\/tr><tr><td>_gat (gtag.js)<\/td><td>1 minuto<\/td><td>Terze Parti<\/td><td>Analisi\/Statistica<\/td><\/tr><tr><td>AMP_TOKEN (gtag.js)<\/td><td>30 sec ~ 1 anno <\/td><td>Terze Parti <\/td><td>Analisi\/Statistica<\/td><\/tr><tr><td>_gac_&lt;property-id> (gtag.js)<\/td><td>90 giorni <\/td><td>Terze Parti <\/td><td>Analisi\/Statistica<\/td><\/tr><tr><td>__utma (ga.js) <\/td><td>2 anni <\/td><td>Terze Parti <\/td><td>Analisi\/Statistica<\/td><\/tr><tr><td>__utmt (ga.js) <\/td><td>10 minuti <\/td><td>Terze Parti<\/td><td>Analisi\/Statistica<\/td><\/tr><tr><td>__utmb (ga.js)<\/td><td>30 minuti<\/td><td>Terze Parti<\/td><td>Analisi\/Statistica<\/td><\/tr><tr><td>__utmc (ga.js)<\/td><td>Sessione<\/td><td>Terze Parti<\/td><td>Analisi\/Statistica<\/td><\/tr><tr><td>__utmz (ga.js)<\/td><td>6 mesi<\/td><td>Terze Parti<\/td><td>Analisi\/Statistica<\/td><\/tr><tr><td>__utmv<\/td><td>2 anni<\/td><td>Terze Parti<\/td><td>Analisi\/Statistica<\/td><\/tr><\/tbody><\/table><\/figure>\n\n\n\n<p><\/p>\n","protected":false},"excerpt":{"rendered":"<p>Cosa sono i Cookies I cookie sono piccoli file di testo contenenti una certa quantit\u00e0 di informazioni scambiate tra un sito internet ed il terminale dell\u2019utente (solitamente il browser).Essi sono principalmente utilizzati con lo scopo di far funzionare i siti web e farli operare in modo pi\u00f9 efficiente, nonch\u00e9 al fine di fornire informazioni ai [&hellip;]<\/p>\n","protected":false},"author":1,"featured_media":0,"parent":0,"menu_order":0,"comment_status":"closed","ping_status":"closed","template":"","meta":{"_et_pb_use_builder":"","_et_pb_old_content":"","_et_gb_content_width":"","footnotes":""},"acf":[],"yoast_head":"<!-- This site is optimized with the Yoast SEO plugin v21.8 - https:\/\/yoast.com\/wordpress\/plugins\/seo\/ -->\n<title>Cookie Policy - SIMZINE<\/title>\n<meta name=\"robots\" content=\"index, follow, max-snippet:-1, max-image-preview:large, max-video-preview:-1\" \/>\n<link rel=\"canonical\" href=\"https:\/\/old.simzine.news\/it\/cookie-policy\/\" \/>\n<meta property=\"og:locale\" content=\"it_IT\" \/>\n<meta property=\"og:type\" content=\"article\" \/>\n<meta property=\"og:title\" content=\"Cookie Policy - SIMZINE\" \/>\n<meta property=\"og:description\" content=\"Cosa sono i Cookies I cookie sono piccoli file di testo contenenti una certa quantit\u00e0 di informazioni scambiate tra un sito internet ed il terminale dell\u2019utente (solitamente il browser).Essi sono principalmente utilizzati con lo scopo di far funzionare i siti web e farli operare in modo pi\u00f9 efficiente, nonch\u00e9 al fine di fornire informazioni ai [&hellip;]\" \/>\n<meta property=\"og:url\" content=\"https:\/\/old.simzine.news\/it\/cookie-policy\/\" \/>\n<meta property=\"og:site_name\" content=\"SIMZINE\" \/>\n<meta property=\"article:publisher\" content=\"https:\/\/www.facebook.com\/simzine21\" \/>\n<meta property=\"article:modified_time\" content=\"2021-06-17T10:57:43+00:00\" \/>\n<meta name=\"twitter:card\" content=\"summary_large_image\" \/>\n<meta name=\"twitter:site\" content=\"@simzine21\" \/>\n<meta name=\"twitter:label1\" content=\"Tempo di lettura stimato\" \/>\n\t<meta name=\"twitter:data1\" content=\"5 minuti\" \/>\n<script type=\"application\/ld+json\" class=\"yoast-schema-graph\">{\"@context\":\"https:\/\/schema.org\",\"@graph\":[{\"@type\":\"WebPage\",\"@id\":\"https:\/\/old.simzine.news\/it\/cookie-policy\/\",\"url\":\"https:\/\/old.simzine.news\/it\/cookie-policy\/\",\"name\":\"Cookie Policy - SIMZINE\",\"isPartOf\":{\"@id\":\"https:\/\/old.simzine.news\/#website\"},\"datePublished\":\"2021-06-07T14:08:16+00:00\",\"dateModified\":\"2021-06-17T10:57:43+00:00\",\"breadcrumb\":{\"@id\":\"https:\/\/old.simzine.news\/it\/cookie-policy\/#breadcrumb\"},\"inLanguage\":\"it-IT\",\"potentialAction\":[{\"@type\":\"ReadAction\",\"target\":[\"https:\/\/old.simzine.news\/it\/cookie-policy\/\"]}]},{\"@type\":\"BreadcrumbList\",\"@id\":\"https:\/\/old.simzine.news\/it\/cookie-policy\/#breadcrumb\",\"itemListElement\":[{\"@type\":\"ListItem\",\"position\":1,\"name\":\"Home\",\"item\":\"https:\/\/old.simzine.news\/it\/\"},{\"@type\":\"ListItem\",\"position\":2,\"name\":\"Cookie Policy\"}]},{\"@type\":\"WebSite\",\"@id\":\"https:\/\/old.simzine.news\/#website\",\"url\":\"https:\/\/old.simzine.news\/\",\"name\":\"SIMZINE\",\"description\":\"SIMulation magaZINE\",\"potentialAction\":[{\"@type\":\"SearchAction\",\"target\":{\"@type\":\"EntryPoint\",\"urlTemplate\":\"https:\/\/old.simzine.news\/?s={search_term_string}\"},\"query-input\":\"required name=search_term_string\"}],\"inLanguage\":\"it-IT\"}]}<\/script>\n<!-- \/ Yoast SEO plugin. -->","yoast_head_json":{"title":"Cookie Policy - SIMZINE","robots":{"index":"index","follow":"follow","max-snippet":"max-snippet:-1","max-image-preview":"max-image-preview:large","max-video-preview":"max-video-preview:-1"},"canonical":"https:\/\/old.simzine.news\/it\/cookie-policy\/","og_locale":"it_IT","og_type":"article","og_title":"Cookie Policy - SIMZINE","og_description":"Cosa sono i Cookies I cookie sono piccoli file di testo contenenti una certa quantit\u00e0 di informazioni scambiate tra un sito internet ed il terminale dell\u2019utente (solitamente il browser).Essi sono principalmente utilizzati con lo scopo di far funzionare i siti web e farli operare in modo pi\u00f9 efficiente, nonch\u00e9 al fine di fornire informazioni ai [&hellip;]","og_url":"https:\/\/old.simzine.news\/it\/cookie-policy\/","og_site_name":"SIMZINE","article_publisher":"https:\/\/www.facebook.com\/simzine21","article_modified_time":"2021-06-17T10:57:43+00:00","twitter_card":"summary_large_image","twitter_site":"@simzine21","twitter_misc":{"Tempo di lettura stimato":"5 minuti"},"schema":{"@context":"https:\/\/schema.org","@graph":[{"@type":"WebPage","@id":"https:\/\/old.simzine.news\/it\/cookie-policy\/","url":"https:\/\/old.simzine.news\/it\/cookie-policy\/","name":"Cookie Policy - SIMZINE","isPartOf":{"@id":"https:\/\/old.simzine.news\/#website"},"datePublished":"2021-06-07T14:08:16+00:00","dateModified":"2021-06-17T10:57:43+00:00","breadcrumb":{"@id":"https:\/\/old.simzine.news\/it\/cookie-policy\/#breadcrumb"},"inLanguage":"it-IT","potentialAction":[{"@type":"ReadAction","target":["https:\/\/old.simzine.news\/it\/cookie-policy\/"]}]},{"@type":"BreadcrumbList","@id":"https:\/\/old.simzine.news\/it\/cookie-policy\/#breadcrumb","itemListElement":[{"@type":"ListItem","position":1,"name":"Home","item":"https:\/\/old.simzine.news\/it\/"},{"@type":"ListItem","position":2,"name":"Cookie Policy"}]},{"@type":"WebSite","@id":"https:\/\/old.simzine.news\/#website","url":"https:\/\/old.simzine.news\/","name":"SIMZINE","description":"SIMulation magaZINE","potentialAction":[{"@type":"SearchAction","target":{"@type":"EntryPoint","urlTemplate":"https:\/\/old.simzine.news\/?s={search_term_string}"},"query-input":"required name=search_term_string"}],"inLanguage":"it-IT"}]}},"_links":{"self":[{"href":"https:\/\/old.simzine.news\/it\/wp-json\/wp\/v2\/pages\/1438"}],"collection":[{"href":"https:\/\/old.simzine.news\/it\/wp-json\/wp\/v2\/pages"}],"about":[{"href":"https:\/\/old.simzine.news\/it\/wp-json\/wp\/v2\/types\/page"}],"author":[{"embeddable":true,"href":"https:\/\/old.simzine.news\/it\/wp-json\/wp\/v2\/users\/1"}],"replies":[{"embeddable":true,"href":"https:\/\/old.simzine.news\/it\/wp-json\/wp\/v2\/comments?post=1438"}],"version-history":[{"count":1,"href":"https:\/\/old.simzine.news\/it\/wp-json\/wp\/v2\/pages\/1438\/revisions"}],"predecessor-version":[{"id":1439,"href":"https:\/\/old.simzine.news\/it\/wp-json\/wp\/v2\/pages\/1438\/revisions\/1439"}],"wp:attachment":[{"href":"https:\/\/old.simzine.news\/it\/wp-json\/wp\/v2\/media?parent=1438"}],"curies":[{"name":"wp","href":"https:\/\/api.w.org\/{rel}","templated":true}]}}