{"id":11253,"date":"2022-06-10T17:39:55","date_gmt":"2022-06-10T15:39:55","guid":{"rendered":"https:\/\/old.simzine.news\/quienes-somos\/"},"modified":"2022-08-31T14:25:30","modified_gmt":"2022-08-31T12:25:30","slug":"quienes-somos","status":"publish","type":"page","link":"https:\/\/old.simzine.news\/es\/quienes-somos\/","title":{"rendered":"Qui\u00e9nes somos"},"content":{"rendered":"\n<hr class=\"wp-block-separator\"\/>\n\n\n\n<p style=\"font-family: 'Zilla Slab Highlight', serif; font-size:1.5em; text-align:left;\">SIMZINE es una revista digital e imprimible, independiente, irreverente y de car\u00e1cter informativo, que promueve el uso de la simulaci\u00f3n en la formaci\u00f3n y actualizaci\u00f3n de los profesionales de la salud para garantizar una mayor seguridad del paciente.<\/p>\n\n\n\n<p style=\"font-family: 'Zilla Slab Highlight', serif; font-size:1.5em; text-align:left;\">SIMZINE quiere ser una herramienta \u00fatil, pr\u00e1ctica y divertida, tanto para quienes se acercan a la simulaci\u00f3n como para quienes ya la utilizan a diario.<\/p>\n\n\n\n<p class=\"has-text-align-right\">SIMZINE tiene la intenci\u00f3n de interceptar todos los aspectos de la simulaci\u00f3n: desde la <strong>investigaci\u00f3n cient\u00edfica<\/strong> hasta el <strong>dise\u00f1o de escenarios<\/strong>; desde el desarrollo de las <strong>habilidades de los formadores<\/strong> hasta las <strong>caracter\u00edsticas t\u00e9cnicas de los simuladores<\/strong>; y desde la aplicaci\u00f3n pr\u00e1ctica en los <strong>programas educativos hasta los aspectos legales y de gesti\u00f3n de los Centros<\/strong>.<\/p>\n\n\n\n<p class=\"has-text-align-right\">Y queremos hacerlo de una manera alegre, diferente, y quiz\u00e1s hasta bizarra e impertinente, dejando la palabra a quien tenga algo que decir.<\/p>\n\n\n\n<hr class=\"wp-block-separator\"\/>\n\n\n\n<p>Director General<br><strong>Pier Luigi Ingrassia<\/strong><\/p>\n\n\n\n<p>Project Manager<br><strong>Annalisa Pellecchia<\/strong><\/p>\n\n\n\n<p>Gr\u00e1fica y dise\u00f1o<br><strong>Pietro Cordini<\/strong> &#8211; <strong>Carlo Tizzi<\/strong><\/p>\n\n\n\n<p>Web Developer<br><strong>Vincenzo Garofalo<\/strong><\/p>\n\n\n\n<p>Social Media Manager<br><strong>Gianluca Nepi<\/strong><\/p>\n\n\n\n<p>Relaciones Exteriores<br><strong>Giacomo Gensini<\/strong><\/p>\n\n\n\n<p>Colaboradores en este n\u00famero:<br><strong>Gabriella Andriolo, Alessia Bolamperti, Giorgio Capogna, Emanuele Capogna, Ilaria Cappiello, Mariapina Cerulo, Antonio Ciambrone, Carlo Coniglio, Maria Escolino, Ciro Esposito, Jeffrey Franc, Gianfranco Lau, Rosaria Lea, Paolo Ledda, Elisabetta Marzo, Federico Moro, Franco Polito, Gavina Porcu, Antonio Raffaele, Antonio Scalogna, Edoardo Toledo, Assunta Turco<\/strong><\/p>\n\n\n\n<p>Website<br><strong><a href=\"https:\/\/old.simzine.news\">simzine.it<\/a><\/strong><\/p>\n\n\n\n<p>Contactos:<br><a href=\"mailto:amministrazione@simedita.it\">amministrazione@simedita.it<\/a><br><a href=\"mailto:redazione@simzine.it\">redazione@simzine.it<\/a><br><a href=\"mailto:ads@simzine.it\">ads@simzine.it<\/a><\/p>\n\n\n\n<p>Prensa<\/p>\n\n\n\n<p>SimZine es publicado por Simedita SRLs<strong><\/strong><\/p>\n\n\n\n<p>Consejo de Administraci\u00f3n: <strong>Giacomo Gensini<\/strong> \u2013 <strong>Pier Luigi Ingrassia<\/strong><br>Via Panciatichi 40\/11 &#8211; 50127 Florencia<br>Registro en el Tribunal Civil de Florencia 29\/9\/2021, nr. 6151<\/p>\n\n\n\n<p>ISSN 2785-7441<\/p>\n\n\n\n<p>Cualquier persona que encuentre errores, omisiones e inexactitudes en los materiales, datos e informaci\u00f3n publicados, o crea que dichos materiales, datos, informaci\u00f3n violan sus derechos, puede enviar un correo electr\u00f3nico a Simedita Srls: i<strong>nfo@simzine.it<\/strong>y, despu\u00e9s de nuestra cuidadosa verificaci\u00f3n, corregiremos o eliminaremos el contenido reportado.<\/p>\n\n\n\n<p><em>Imagen: Elaboraci\u00f3n gr\u00e1fica de <strong>Ilaria Cappiello<\/strong> de &#8220;Ni\u00f1o con cesta de fruta&#8221;<br>[Michelangelo Merisi da Caravaggio &#8211; 1593-1594 &#8211; Galleria Borghese, Roma.]<\/em><\/p>\n","protected":false},"excerpt":{"rendered":"<p>SIMZINE es una revista digital e imprimible, independiente, irreverente y de car\u00e1cter informativo, que promueve el uso de la simulaci\u00f3n en la formaci\u00f3n y actualizaci\u00f3n de los profesionales de la salud para garantizar una mayor seguridad del paciente. SIMZINE quiere ser una herramienta \u00fatil, pr\u00e1ctica y divertida, tanto para quienes se acercan a la simulaci\u00f3n [&hellip;]<\/p>\n","protected":false},"author":1,"featured_media":9175,"parent":0,"menu_order":0,"comment_status":"closed","ping_status":"closed","template":"","meta":{"_et_pb_use_builder":"","_et_pb_old_content":"","_et_gb_content_width":"","footnotes":""},"acf":[],"yoast_head":"<!-- This site is optimized with the Yoast SEO plugin v21.8 - https:\/\/yoast.com\/wordpress\/plugins\/seo\/ -->\n<title>Qui\u00e9nes somos - SIMZINE<\/title>\n<meta name=\"robots\" content=\"index, follow, max-snippet:-1, max-image-preview:large, max-video-preview:-1\" \/>\n<link rel=\"canonical\" href=\"https:\/\/old.simzine.news\/es\/quienes-somos\/\" \/>\n<meta property=\"og:locale\" content=\"es_ES\" \/>\n<meta property=\"og:type\" content=\"article\" \/>\n<meta property=\"og:title\" content=\"Qui\u00e9nes somos - SIMZINE\" \/>\n<meta property=\"og:description\" content=\"SIMZINE es una revista digital e imprimible, independiente, irreverente y de car\u00e1cter informativo, que promueve el uso de la simulaci\u00f3n en la formaci\u00f3n y actualizaci\u00f3n de los profesionales de la salud para garantizar una mayor seguridad del paciente. SIMZINE quiere ser una herramienta \u00fatil, pr\u00e1ctica y divertida, tanto para quienes se acercan a la simulaci\u00f3n [&hellip;]\" \/>\n<meta property=\"og:url\" content=\"https:\/\/old.simzine.news\/es\/quienes-somos\/\" \/>\n<meta property=\"og:site_name\" content=\"SIMZINE\" \/>\n<meta property=\"article:publisher\" content=\"https:\/\/www.facebook.com\/simzine21\" \/>\n<meta property=\"article:modified_time\" content=\"2022-08-31T12:25:30+00:00\" \/>\n<meta property=\"og:image\" content=\"https:\/\/old.simzine.news\/wp-content\/uploads\/2022\/05\/simularte4.png\" \/>\n\t<meta property=\"og:image:width\" content=\"1450\" \/>\n\t<meta property=\"og:image:height\" content=\"1548\" \/>\n\t<meta property=\"og:image:type\" content=\"image\/png\" \/>\n<meta name=\"twitter:card\" content=\"summary_large_image\" \/>\n<meta name=\"twitter:site\" content=\"@simzine21\" \/>\n<meta name=\"twitter:label1\" content=\"Tiempo de lectura\" \/>\n\t<meta name=\"twitter:data1\" content=\"2 minutos\" \/>\n<script type=\"application\/ld+json\" class=\"yoast-schema-graph\">{\"@context\":\"https:\/\/schema.org\",\"@graph\":[{\"@type\":\"WebPage\",\"@id\":\"https:\/\/old.simzine.news\/es\/quienes-somos\/\",\"url\":\"https:\/\/old.simzine.news\/es\/quienes-somos\/\",\"name\":\"Qui\u00e9nes somos - SIMZINE\",\"isPartOf\":{\"@id\":\"https:\/\/old.simzine.news\/#website\"},\"datePublished\":\"2022-06-10T15:39:55+00:00\",\"dateModified\":\"2022-08-31T12:25:30+00:00\",\"breadcrumb\":{\"@id\":\"https:\/\/old.simzine.news\/es\/quienes-somos\/#breadcrumb\"},\"inLanguage\":\"es\",\"potentialAction\":[{\"@type\":\"ReadAction\",\"target\":[\"https:\/\/old.simzine.news\/es\/quienes-somos\/\"]}]},{\"@type\":\"BreadcrumbList\",\"@id\":\"https:\/\/old.simzine.news\/es\/quienes-somos\/#breadcrumb\",\"itemListElement\":[{\"@type\":\"ListItem\",\"position\":1,\"name\":\"Home\",\"item\":\"https:\/\/old.simzine.news\/es\/\"},{\"@type\":\"ListItem\",\"position\":2,\"name\":\"Qui\u00e9nes somos\"}]},{\"@type\":\"WebSite\",\"@id\":\"https:\/\/old.simzine.news\/#website\",\"url\":\"https:\/\/old.simzine.news\/\",\"name\":\"SIMZINE\",\"description\":\"SIMulation magaZINE\",\"potentialAction\":[{\"@type\":\"SearchAction\",\"target\":{\"@type\":\"EntryPoint\",\"urlTemplate\":\"https:\/\/old.simzine.news\/?s={search_term_string}\"},\"query-input\":\"required name=search_term_string\"}],\"inLanguage\":\"es\"}]}<\/script>\n<!-- \/ Yoast SEO plugin. -->","yoast_head_json":{"title":"Qui\u00e9nes somos - SIMZINE","robots":{"index":"index","follow":"follow","max-snippet":"max-snippet:-1","max-image-preview":"max-image-preview:large","max-video-preview":"max-video-preview:-1"},"canonical":"https:\/\/old.simzine.news\/es\/quienes-somos\/","og_locale":"es_ES","og_type":"article","og_title":"Qui\u00e9nes somos - SIMZINE","og_description":"SIMZINE es una revista digital e imprimible, independiente, irreverente y de car\u00e1cter informativo, que promueve el uso de la simulaci\u00f3n en la formaci\u00f3n y actualizaci\u00f3n de los profesionales de la salud para garantizar una mayor seguridad del paciente. SIMZINE quiere ser una herramienta \u00fatil, pr\u00e1ctica y divertida, tanto para quienes se acercan a la simulaci\u00f3n [&hellip;]","og_url":"https:\/\/old.simzine.news\/es\/quienes-somos\/","og_site_name":"SIMZINE","article_publisher":"https:\/\/www.facebook.com\/simzine21","article_modified_time":"2022-08-31T12:25:30+00:00","og_image":[{"width":1450,"height":1548,"url":"https:\/\/old.simzine.news\/wp-content\/uploads\/2022\/05\/simularte4.png","type":"image\/png"}],"twitter_card":"summary_large_image","twitter_site":"@simzine21","twitter_misc":{"Tiempo de lectura":"2 minutos"},"schema":{"@context":"https:\/\/schema.org","@graph":[{"@type":"WebPage","@id":"https:\/\/old.simzine.news\/es\/quienes-somos\/","url":"https:\/\/old.simzine.news\/es\/quienes-somos\/","name":"Qui\u00e9nes somos - SIMZINE","isPartOf":{"@id":"https:\/\/old.simzine.news\/#website"},"datePublished":"2022-06-10T15:39:55+00:00","dateModified":"2022-08-31T12:25:30+00:00","breadcrumb":{"@id":"https:\/\/old.simzine.news\/es\/quienes-somos\/#breadcrumb"},"inLanguage":"es","potentialAction":[{"@type":"ReadAction","target":["https:\/\/old.simzine.news\/es\/quienes-somos\/"]}]},{"@type":"BreadcrumbList","@id":"https:\/\/old.simzine.news\/es\/quienes-somos\/#breadcrumb","itemListElement":[{"@type":"ListItem","position":1,"name":"Home","item":"https:\/\/old.simzine.news\/es\/"},{"@type":"ListItem","position":2,"name":"Qui\u00e9nes somos"}]},{"@type":"WebSite","@id":"https:\/\/old.simzine.news\/#website","url":"https:\/\/old.simzine.news\/","name":"SIMZINE","description":"SIMulation magaZINE","potentialAction":[{"@type":"SearchAction","target":{"@type":"EntryPoint","urlTemplate":"https:\/\/old.simzine.news\/?s={search_term_string}"},"query-input":"required name=search_term_string"}],"inLanguage":"es"}]}},"_links":{"self":[{"href":"https:\/\/old.simzine.news\/es\/wp-json\/wp\/v2\/pages\/11253"}],"collection":[{"href":"https:\/\/old.simzine.news\/es\/wp-json\/wp\/v2\/pages"}],"about":[{"href":"https:\/\/old.simzine.news\/es\/wp-json\/wp\/v2\/types\/page"}],"author":[{"embeddable":true,"href":"https:\/\/old.simzine.news\/es\/wp-json\/wp\/v2\/users\/1"}],"replies":[{"embeddable":true,"href":"https:\/\/old.simzine.news\/es\/wp-json\/wp\/v2\/comments?post=11253"}],"version-history":[{"count":5,"href":"https:\/\/old.simzine.news\/es\/wp-json\/wp\/v2\/pages\/11253\/revisions"}],"predecessor-version":[{"id":14211,"href":"https:\/\/old.simzine.news\/es\/wp-json\/wp\/v2\/pages\/11253\/revisions\/14211"}],"wp:featuredmedia":[{"embeddable":true,"href":"https:\/\/old.simzine.news\/es\/wp-json\/wp\/v2\/media\/9175"}],"wp:attachment":[{"href":"https:\/\/old.simzine.news\/es\/wp-json\/wp\/v2\/media?parent=11253"}],"curies":[{"name":"wp","href":"https:\/\/api.w.org\/{rel}","templated":true}]}}